{"id":592,"date":"2025-02-28T05:15:05","date_gmt":"2025-02-28T05:15:05","guid":{"rendered":"https:\/\/nessiexpressi.es\/producto\/camiseta-libertaria-free-market-warrior\/"},"modified":"2026-01-29T01:01:31","modified_gmt":"2026-01-29T01:01:31","slug":"camiseta-libertaria-free-market-warrior","status":"publish","type":"product","link":"https:\/\/nessiexpressi.es\/en\/producto\/camiseta-libertaria-free-market-warrior\/","title":{"rendered":"Camiseta Libertaria &#8220;Free Market Warrior&#8221;"},"content":{"rendered":"","protected":false},"excerpt":{"rendered":"<p>Camiseta que expresa tu pasi\u00f3n por la libertad y el mercado.<\/p>\n","protected":false},"featured_media":0,"comment_status":"open","ping_status":"closed","template":"","meta":{"_acf_changed":false,"iawp_total_views":1},"marca":[83,55],"product_brand":[],"product_cat":[91,105],"product_tag":[106,101,102],"class_list":{"0":"post-592","1":"product","2":"type-product","3":"status-publish","5":"marca-ancap-style","6":"marca-viperty","7":"product_cat-camisetas-en","8":"product_cat-libertario-en","9":"product_tag-algodon-organico-en","10":"product_tag-libertario-en","11":"product_tag-mercado-libre-en","13":"first","14":"instock","15":"sale","16":"shipping-taxable","17":"purchasable","18":"product-type-simple"},"acf":[],"yoast_head":"<!-- This site is optimized with the Yoast SEO plugin v27.3 - https:\/\/yoast.com\/product\/yoast-seo-wordpress\/ -->\n<title>Camiseta Libertaria &quot;Free Market Warrior&quot; - Viperty<\/title>\n<meta name=\"description\" content=\"Descubre la Camiseta Libertaria &quot;Free Market Warrior&quot; en Viperty. Expresa tu pasi\u00f3n por la libertad y el mercado con estilo \u00fanico. Precio actual \u20ac341,25. \u00a1Env\u00edo gratis y 100 d\u00edas de devoluci\u00f3n garantidos!\" \/>\n<meta name=\"robots\" content=\"index, follow, max-snippet:-1, max-image-preview:large, max-video-preview:-1\" \/>\n<link rel=\"canonical\" href=\"https:\/\/nessiexpressi.es\/en\/producto\/camiseta-libertaria-free-market-warrior\/\" \/>\n<meta property=\"og:locale\" content=\"en_US\" \/>\n<meta property=\"og:type\" content=\"article\" \/>\n<meta property=\"og:title\" content=\"Camiseta Libertaria &quot;Free Market Warrior&quot; - Viperty\" \/>\n<meta property=\"og:description\" content=\"Descubre la Camiseta Libertaria &quot;Free Market Warrior&quot; en Viperty. Expresa tu pasi\u00f3n por la libertad y el mercado con estilo \u00fanico. Precio actual \u20ac341,25. \u00a1Env\u00edo gratis y 100 d\u00edas de devoluci\u00f3n garantidos!\" \/>\n<meta property=\"og:url\" content=\"https:\/\/nessiexpressi.es\/en\/producto\/camiseta-libertaria-free-market-warrior\/\" \/>\n<meta property=\"og:site_name\" content=\"Nessi Expressi\" \/>\n<meta property=\"article:modified_time\" content=\"2026-01-29T01:01:31+00:00\" \/>\n<meta property=\"og:image\" content=\"https:\/\/nessiexpressi.es\/wp-content\/uploads\/2025\/02\/Leonardo_Vision_XL_Disea_una_imagen_de_una_camiseta_de_algodn_0.jpg\" \/>\n\t<meta property=\"og:image:width\" content=\"1792\" \/>\n\t<meta property=\"og:image:height\" content=\"1456\" \/>\n\t<meta property=\"og:image:type\" content=\"image\/jpeg\" \/>\n<meta name=\"twitter:card\" content=\"summary_large_image\" \/>\n<!-- \/ Yoast SEO plugin. -->","yoast_head_json":{"title":"Camiseta Libertaria \"Free Market Warrior\" - Viperty","description":"Descubre la Camiseta Libertaria \"Free Market Warrior\" en Viperty. Expresa tu pasi\u00f3n por la libertad y el mercado con estilo \u00fanico. Precio actual \u20ac341,25. \u00a1Env\u00edo gratis y 100 d\u00edas de devoluci\u00f3n garantidos!","robots":{"index":"index","follow":"follow","max-snippet":"max-snippet:-1","max-image-preview":"max-image-preview:large","max-video-preview":"max-video-preview:-1"},"canonical":"https:\/\/nessiexpressi.es\/en\/producto\/camiseta-libertaria-free-market-warrior\/","og_locale":"en_US","og_type":"article","og_title":"Camiseta Libertaria \"Free Market Warrior\" - Viperty","og_description":"Descubre la Camiseta Libertaria \"Free Market Warrior\" en Viperty. Expresa tu pasi\u00f3n por la libertad y el mercado con estilo \u00fanico. Precio actual \u20ac341,25. \u00a1Env\u00edo gratis y 100 d\u00edas de devoluci\u00f3n garantidos!","og_url":"https:\/\/nessiexpressi.es\/en\/producto\/camiseta-libertaria-free-market-warrior\/","og_site_name":"Nessi Expressi","article_modified_time":"2026-01-29T01:01:31+00:00","og_image":[{"width":1792,"height":1456,"url":"https:\/\/nessiexpressi.es\/wp-content\/uploads\/2025\/02\/Leonardo_Vision_XL_Disea_una_imagen_de_una_camiseta_de_algodn_0.jpg","type":"image\/jpeg"}],"twitter_card":"summary_large_image","schema":{"@context":"https:\/\/schema.org","@graph":[{"@type":"WebPage","@id":"https:\/\/nessiexpressi.es\/en\/producto\/camiseta-libertaria-free-market-warrior\/","url":"https:\/\/nessiexpressi.es\/en\/producto\/camiseta-libertaria-free-market-warrior\/","name":"Camiseta Libertaria \"Free Market Warrior\" - Viperty","isPartOf":{"@id":"https:\/\/nessiexpressi.es\/en\/#website"},"datePublished":"2025-02-28T05:15:05+00:00","dateModified":"2026-01-29T01:01:31+00:00","description":"Descubre la Camiseta Libertaria \"Free Market Warrior\" en Viperty. Expresa tu pasi\u00f3n por la libertad y el mercado con estilo \u00fanico. Precio actual \u20ac341,25. \u00a1Env\u00edo gratis y 100 d\u00edas de devoluci\u00f3n garantidos!","breadcrumb":{"@id":"https:\/\/nessiexpressi.es\/en\/producto\/camiseta-libertaria-free-market-warrior\/#breadcrumb"},"inLanguage":"en-US","potentialAction":[{"@type":"ReadAction","target":["https:\/\/nessiexpressi.es\/en\/producto\/camiseta-libertaria-free-market-warrior\/"]}]},{"@type":"BreadcrumbList","@id":"https:\/\/nessiexpressi.es\/en\/producto\/camiseta-libertaria-free-market-warrior\/#breadcrumb","itemListElement":[{"@type":"ListItem","position":1,"name":"Portada","item":"https:\/\/nessiexpressi.es\/en\/"},{"@type":"ListItem","position":2,"name":"Tienda","item":"https:\/\/nessiexpressi.es\/tienda\/"},{"@type":"ListItem","position":3,"name":"Camiseta Libertaria \u00abFree Market Warrior\u00bb"}]},{"@type":"WebSite","@id":"https:\/\/nessiexpressi.es\/en\/#website","url":"https:\/\/nessiexpressi.es\/en\/","name":"Nessi Expressi","description":"Tu lavander\u00eda de confianza","publisher":{"@id":"https:\/\/nessiexpressi.es\/en\/#organization"},"potentialAction":[{"@type":"SearchAction","target":{"@type":"EntryPoint","urlTemplate":"https:\/\/nessiexpressi.es\/en\/?s={search_term_string}"},"query-input":{"@type":"PropertyValueSpecification","valueRequired":true,"valueName":"search_term_string"}}],"inLanguage":"en-US"},{"@type":"Organization","@id":"https:\/\/nessiexpressi.es\/en\/#organization","name":"Nessi Expressi","url":"https:\/\/nessiexpressi.es\/en\/","logo":{"@type":"ImageObject","inLanguage":"en-US","@id":"https:\/\/nessiexpressi.es\/en\/#\/schema\/logo\/image\/","url":"https:\/\/nessiexpressi.es\/wp-content\/uploads\/2025\/02\/Leonardo_Phoenix_09_Disear_un_logotipo_centrado_para_Viperty_u_0.jpg","contentUrl":"https:\/\/nessiexpressi.es\/wp-content\/uploads\/2025\/02\/Leonardo_Phoenix_09_Disear_un_logotipo_centrado_para_Viperty_u_0.jpg","width":768,"height":768,"caption":"Nessi Expressi"},"image":{"@id":"https:\/\/nessiexpressi.es\/en\/#\/schema\/logo\/image\/"}}]}},"_links":{"self":[{"href":"https:\/\/nessiexpressi.es\/en\/wp-json\/wp\/v2\/product\/592","targetHints":{"allow":["GET"]}}],"collection":[{"href":"https:\/\/nessiexpressi.es\/en\/wp-json\/wp\/v2\/product"}],"about":[{"href":"https:\/\/nessiexpressi.es\/en\/wp-json\/wp\/v2\/types\/product"}],"replies":[{"embeddable":true,"href":"https:\/\/nessiexpressi.es\/en\/wp-json\/wp\/v2\/comments?post=592"}],"wp:attachment":[{"href":"https:\/\/nessiexpressi.es\/en\/wp-json\/wp\/v2\/media?parent=592"}],"wp:term":[{"taxonomy":"marca","embeddable":true,"href":"https:\/\/nessiexpressi.es\/en\/wp-json\/wp\/v2\/marca?post=592"},{"taxonomy":"product_brand","embeddable":true,"href":"https:\/\/nessiexpressi.es\/en\/wp-json\/wp\/v2\/product_brand?post=592"},{"taxonomy":"product_cat","embeddable":true,"href":"https:\/\/nessiexpressi.es\/en\/wp-json\/wp\/v2\/product_cat?post=592"},{"taxonomy":"product_tag","embeddable":true,"href":"https:\/\/nessiexpressi.es\/en\/wp-json\/wp\/v2\/product_tag?post=592"}],"curies":[{"name":"wp","href":"https:\/\/api.w.org\/{rel}","templated":true}]}}