{"id":606,"date":"2025-02-28T05:01:59","date_gmt":"2025-02-28T05:01:59","guid":{"rendered":"https:\/\/nessiexpressi.es\/producto\/camiseta-libertaria-anarco-capitalista-premium\/"},"modified":"2026-01-29T01:03:41","modified_gmt":"2026-01-29T01:03:41","slug":"camiseta-libertaria-anarco-capitalista-premium","status":"publish","type":"product","link":"https:\/\/nessiexpressi.es\/en\/producto\/camiseta-libertaria-anarco-capitalista-premium\/","title":{"rendered":"Camiseta Libertaria Anarco-Capitalista Premium"},"content":{"rendered":"","protected":false},"excerpt":{"rendered":"<p>Camiseta de algod\u00f3n con mensaje libertario en dise\u00f1o exclusivo.<\/p>\n","protected":false},"featured_media":0,"comment_status":"open","ping_status":"closed","template":"","meta":{"_acf_changed":false,"iawp_total_views":1},"marca":[56,55],"product_brand":[],"product_cat":[91,92],"product_tag":[93,98,94],"class_list":{"0":"post-606","1":"product","2":"type-product","3":"status-publish","5":"marca-libertaria","6":"marca-viperty","7":"product_cat-camisetas-en","8":"product_cat-merchandising-en","9":"product_tag-anarco-capitalista-en","10":"product_tag-ideologia-en","11":"product_tag-libertad-en","13":"first","14":"instock","15":"sale","16":"shipping-taxable","17":"purchasable","18":"product-type-simple"},"acf":[],"yoast_head":"<!-- This site is optimized with the Yoast SEO plugin v27.3 - https:\/\/yoast.com\/product\/yoast-seo-wordpress\/ -->\n<title>Camiseta Libertaria Anarco-Capitalista Premium<\/title>\n<meta name=\"description\" content=\"Compra la camiseta de algod\u00f3n con mensaje libertario de Viperty. Dise\u00f1o exclusivo, env\u00edo gratis y 100 d\u00edas de devoluci\u00f3n. Disponible ahora por 644,00 \u20ac.\" \/>\n<meta name=\"robots\" content=\"index, follow, max-snippet:-1, max-image-preview:large, max-video-preview:-1\" \/>\n<link rel=\"canonical\" href=\"https:\/\/nessiexpressi.es\/en\/producto\/camiseta-libertaria-anarco-capitalista-premium\/\" \/>\n<meta property=\"og:locale\" content=\"en_US\" \/>\n<meta property=\"og:type\" content=\"article\" \/>\n<meta property=\"og:title\" content=\"Camiseta Libertaria Anarco-Capitalista Premium\" \/>\n<meta property=\"og:description\" content=\"Compra la camiseta de algod\u00f3n con mensaje libertario de Viperty. Dise\u00f1o exclusivo, env\u00edo gratis y 100 d\u00edas de devoluci\u00f3n. Disponible ahora por 644,00 \u20ac.\" \/>\n<meta property=\"og:url\" content=\"https:\/\/nessiexpressi.es\/en\/producto\/camiseta-libertaria-anarco-capitalista-premium\/\" \/>\n<meta property=\"og:site_name\" content=\"Nessi Expressi\" \/>\n<meta property=\"article:modified_time\" content=\"2026-01-29T01:03:41+00:00\" \/>\n<meta property=\"og:image\" content=\"https:\/\/nessiexpressi.es\/wp-content\/uploads\/2025\/02\/Leonardo_Vision_XL_Ilustracin_de_una_camiseta_de_algodn_de_alt_0.jpg\" \/>\n\t<meta property=\"og:image:width\" content=\"1792\" \/>\n\t<meta property=\"og:image:height\" content=\"1456\" \/>\n\t<meta property=\"og:image:type\" content=\"image\/jpeg\" \/>\n<meta name=\"twitter:card\" content=\"summary_large_image\" \/>\n<!-- \/ Yoast SEO plugin. -->","yoast_head_json":{"title":"Camiseta Libertaria Anarco-Capitalista Premium","description":"Compra la camiseta de algod\u00f3n con mensaje libertario de Viperty. Dise\u00f1o exclusivo, env\u00edo gratis y 100 d\u00edas de devoluci\u00f3n. Disponible ahora por 644,00 \u20ac.","robots":{"index":"index","follow":"follow","max-snippet":"max-snippet:-1","max-image-preview":"max-image-preview:large","max-video-preview":"max-video-preview:-1"},"canonical":"https:\/\/nessiexpressi.es\/en\/producto\/camiseta-libertaria-anarco-capitalista-premium\/","og_locale":"en_US","og_type":"article","og_title":"Camiseta Libertaria Anarco-Capitalista Premium","og_description":"Compra la camiseta de algod\u00f3n con mensaje libertario de Viperty. Dise\u00f1o exclusivo, env\u00edo gratis y 100 d\u00edas de devoluci\u00f3n. Disponible ahora por 644,00 \u20ac.","og_url":"https:\/\/nessiexpressi.es\/en\/producto\/camiseta-libertaria-anarco-capitalista-premium\/","og_site_name":"Nessi Expressi","article_modified_time":"2026-01-29T01:03:41+00:00","og_image":[{"width":1792,"height":1456,"url":"https:\/\/nessiexpressi.es\/wp-content\/uploads\/2025\/02\/Leonardo_Vision_XL_Ilustracin_de_una_camiseta_de_algodn_de_alt_0.jpg","type":"image\/jpeg"}],"twitter_card":"summary_large_image","schema":{"@context":"https:\/\/schema.org","@graph":[{"@type":"WebPage","@id":"https:\/\/nessiexpressi.es\/en\/producto\/camiseta-libertaria-anarco-capitalista-premium\/","url":"https:\/\/nessiexpressi.es\/en\/producto\/camiseta-libertaria-anarco-capitalista-premium\/","name":"Camiseta Libertaria Anarco-Capitalista Premium","isPartOf":{"@id":"https:\/\/nessiexpressi.es\/en\/#website"},"datePublished":"2025-02-28T05:01:59+00:00","dateModified":"2026-01-29T01:03:41+00:00","description":"Compra la camiseta de algod\u00f3n con mensaje libertario de Viperty. Dise\u00f1o exclusivo, env\u00edo gratis y 100 d\u00edas de devoluci\u00f3n. Disponible ahora por 644,00 \u20ac.","breadcrumb":{"@id":"https:\/\/nessiexpressi.es\/en\/producto\/camiseta-libertaria-anarco-capitalista-premium\/#breadcrumb"},"inLanguage":"en-US","potentialAction":[{"@type":"ReadAction","target":["https:\/\/nessiexpressi.es\/en\/producto\/camiseta-libertaria-anarco-capitalista-premium\/"]}]},{"@type":"BreadcrumbList","@id":"https:\/\/nessiexpressi.es\/en\/producto\/camiseta-libertaria-anarco-capitalista-premium\/#breadcrumb","itemListElement":[{"@type":"ListItem","position":1,"name":"Portada","item":"https:\/\/nessiexpressi.es\/en\/"},{"@type":"ListItem","position":2,"name":"Tienda","item":"https:\/\/nessiexpressi.es\/tienda\/"},{"@type":"ListItem","position":3,"name":"Camiseta Libertaria Anarco-Capitalista Premium"}]},{"@type":"WebSite","@id":"https:\/\/nessiexpressi.es\/en\/#website","url":"https:\/\/nessiexpressi.es\/en\/","name":"Nessi Expressi","description":"Tu lavander\u00eda de confianza","publisher":{"@id":"https:\/\/nessiexpressi.es\/en\/#organization"},"potentialAction":[{"@type":"SearchAction","target":{"@type":"EntryPoint","urlTemplate":"https:\/\/nessiexpressi.es\/en\/?s={search_term_string}"},"query-input":{"@type":"PropertyValueSpecification","valueRequired":true,"valueName":"search_term_string"}}],"inLanguage":"en-US"},{"@type":"Organization","@id":"https:\/\/nessiexpressi.es\/en\/#organization","name":"Nessi Expressi","url":"https:\/\/nessiexpressi.es\/en\/","logo":{"@type":"ImageObject","inLanguage":"en-US","@id":"https:\/\/nessiexpressi.es\/en\/#\/schema\/logo\/image\/","url":"https:\/\/nessiexpressi.es\/wp-content\/uploads\/2025\/02\/Leonardo_Phoenix_09_Disear_un_logotipo_centrado_para_Viperty_u_0.jpg","contentUrl":"https:\/\/nessiexpressi.es\/wp-content\/uploads\/2025\/02\/Leonardo_Phoenix_09_Disear_un_logotipo_centrado_para_Viperty_u_0.jpg","width":768,"height":768,"caption":"Nessi Expressi"},"image":{"@id":"https:\/\/nessiexpressi.es\/en\/#\/schema\/logo\/image\/"}}]}},"_links":{"self":[{"href":"https:\/\/nessiexpressi.es\/en\/wp-json\/wp\/v2\/product\/606","targetHints":{"allow":["GET"]}}],"collection":[{"href":"https:\/\/nessiexpressi.es\/en\/wp-json\/wp\/v2\/product"}],"about":[{"href":"https:\/\/nessiexpressi.es\/en\/wp-json\/wp\/v2\/types\/product"}],"replies":[{"embeddable":true,"href":"https:\/\/nessiexpressi.es\/en\/wp-json\/wp\/v2\/comments?post=606"}],"wp:attachment":[{"href":"https:\/\/nessiexpressi.es\/en\/wp-json\/wp\/v2\/media?parent=606"}],"wp:term":[{"taxonomy":"marca","embeddable":true,"href":"https:\/\/nessiexpressi.es\/en\/wp-json\/wp\/v2\/marca?post=606"},{"taxonomy":"product_brand","embeddable":true,"href":"https:\/\/nessiexpressi.es\/en\/wp-json\/wp\/v2\/product_brand?post=606"},{"taxonomy":"product_cat","embeddable":true,"href":"https:\/\/nessiexpressi.es\/en\/wp-json\/wp\/v2\/product_cat?post=606"},{"taxonomy":"product_tag","embeddable":true,"href":"https:\/\/nessiexpressi.es\/en\/wp-json\/wp\/v2\/product_tag?post=606"}],"curies":[{"name":"wp","href":"https:\/\/api.w.org\/{rel}","templated":true}]}}